{"id":109,"date":"2019-07-07T18:45:21","date_gmt":"2019-07-07T18:45:21","guid":{"rendered":"https:\/\/dev.kzdanaiden.nl\/blog\/?page_id=109"},"modified":"2021-03-08T19:34:18","modified_gmt":"2021-03-08T19:34:18","slug":"geschiedenis","status":"publish","type":"page","link":"https:\/\/dev.kzdanaiden.nl\/blog\/geschiedenis\/","title":{"rendered":"Geschiedenis"},"content":{"rendered":"\n<p>KZ Dana\u00efden is een korfbalvereniging uit Leiden, per 1 juli\n2010 onstaan uit de fusie tussen KZ Leiden en De Dana\u00efden. Onze (kunstgras)\nspeelvelden en clubgebouw liggen aan de Montgomerystraat in de wijk Zuid-West.\nKZ Dana\u00efden is met meer dan 400 leden niet alleen de jongste maar ook meteen de\ngrootste korfbalvereniging van Leiden, waarvan ongeveer de helft uit jeugdleden\nbestaat.<\/p>\n\n\n\n<h6><strong>De achtergrond van onze fusieclub<\/strong><\/h6>\n\n\n\n<p>De Dana\u00efden is op 20\njuni 1947 opgericht door G.H. Frederik. een leraar in Leiden, die een groot fan\nwas van de toen nog jonge, gemengde sport. Door zijn enthousiasme werden veel\nleerlingen lid van de nieuwe vereniging, die daarom al snel de bijnaam \u2018Leidse\nScholieren\u2019 kreeg. Nog steeds spelen veel scholieren en studenten bij KZ\nDana\u00efden. De naam Dana\u00efden verwijst naar een Giekse Mythe waarin 49 zussen als\nstraf een oneindig vat (lees: de korfbalmand) moeten vullen. <\/p>\n\n\n\n<p>KZ Leiden was zelfs\nnog ouder, 1 juli 1933 opgericht en gestart vanuit de toenmalige\nspeeltuinvereniging Zuiderkwartier, zodat zij nog net het 75-jarig jubileum\nhebben kunnen vieren. De oprichtingsdatum is namelijk niet veranderd toen\nZuiderkwartier in 1992 fuseerde met Ons Eiland tot KZ Leiden.<\/p>\n\n\n\n<h6><strong>Wanneer wordt er\ngespeeld en getraind?<\/strong><\/h6>\n\n\n\n<p>KZ Dana\u00efden is een\ngemengde zaterdag- en zondagvereniging: de jeugd- en juniorenteams spelen op\nzaterdag, bij de seniorenteams zijn er zowel zaterdag als zondag teams. De\ntrainingen zijn (en \/ of) op&nbsp; dinsdag-, woensdag- en de donderdagavond. De\nallerjongsten (de zogeheten kangoeroes: kinderen tot ongeveer zes jaar) krijgen\neen speelse training op zaterdagochtend.<\/p>\n\n\n\n<h6><strong>Wat is er naast\nkorfbal nog meer te doen?<\/strong><\/h6>\n\n\n\n<p>KZ Dana\u00efden biedt\nnaast de inspanning ook ontspanning, met een actieve feestcommissie, een\nuitgebreide vriendenclub, een eigen toernooi, elke vijf jaar een groots opgezet\njubileumfeest en het zomerkamp aan het einde van iedere zomervakantie: vele\ntientallen kinderen doen dan mee aan een week sport en spel op een\nkampeerboerderij, met elk jaar een ander thema.<\/p>\n","protected":false},"excerpt":{"rendered":"<p>KZ Dana\u00efden is een korfbalvereniging uit Leiden, per 1 juli 2010 onstaan uit de fusie tussen KZ Leiden en De Dana\u00efden. Onze (kunstgras) speelvelden en clubgebouw liggen aan de Montgomerystraat in de wijk Zuid-West. KZ Dana\u00efden is met meer dan 400 leden niet alleen de jongste maar ook meteen de grootste korfbalvereniging van Leiden, waarvan &hellip;<\/p>\n<p class=\"read-more\"> <a class=\"\" href=\"https:\/\/dev.kzdanaiden.nl\/blog\/geschiedenis\/\"> <span class=\"screen-reader-text\">Geschiedenis<\/span> Lees meer &raquo;<\/a><\/p>\n","protected":false},"author":1,"featured_media":0,"parent":0,"menu_order":0,"comment_status":"closed","ping_status":"closed","template":"","meta":{"site-sidebar-layout":"default","site-content-layout":"default","ast-site-content-layout":"","site-content-style":"default","site-sidebar-style":"default","ast-global-header-display":"","ast-banner-title-visibility":"","ast-main-header-display":"","ast-hfb-above-header-display":"","ast-hfb-below-header-display":"","ast-hfb-mobile-header-display":"","site-post-title":"","ast-breadcrumbs-content":"","ast-featured-img":"","footer-sml-layout":"","theme-transparent-header-meta":"default","adv-header-id-meta":"","stick-header-meta":"","header-above-stick-meta":"","header-main-stick-meta":"","header-below-stick-meta":"","astra-migrate-meta-layouts":""},"_links":{"self":[{"href":"https:\/\/dev.kzdanaiden.nl\/blog\/wp-json\/wp\/v2\/pages\/109"}],"collection":[{"href":"https:\/\/dev.kzdanaiden.nl\/blog\/wp-json\/wp\/v2\/pages"}],"about":[{"href":"https:\/\/dev.kzdanaiden.nl\/blog\/wp-json\/wp\/v2\/types\/page"}],"author":[{"embeddable":true,"href":"https:\/\/dev.kzdanaiden.nl\/blog\/wp-json\/wp\/v2\/users\/1"}],"replies":[{"embeddable":true,"href":"https:\/\/dev.kzdanaiden.nl\/blog\/wp-json\/wp\/v2\/comments?post=109"}],"version-history":[{"count":7,"href":"https:\/\/dev.kzdanaiden.nl\/blog\/wp-json\/wp\/v2\/pages\/109\/revisions"}],"predecessor-version":[{"id":500,"href":"https:\/\/dev.kzdanaiden.nl\/blog\/wp-json\/wp\/v2\/pages\/109\/revisions\/500"}],"wp:attachment":[{"href":"https:\/\/dev.kzdanaiden.nl\/blog\/wp-json\/wp\/v2\/media?parent=109"}],"curies":[{"name":"wp","href":"https:\/\/api.w.org\/{rel}","templated":true}]}}