{"id":529,"date":"2020-04-02T08:05:12","date_gmt":"2020-04-02T08:05:12","guid":{"rendered":"https:\/\/dev.kzdanaiden.nl\/blog\/?page_id=529"},"modified":"2020-04-02T08:05:14","modified_gmt":"2020-04-02T08:05:14","slug":"vrienden-van-kz-danaiden","status":"publish","type":"page","link":"https:\/\/dev.kzdanaiden.nl\/blog\/vrienden-van-kz-danaiden\/","title":{"rendered":"Vrienden van KZ Dana\u00efden"},"content":{"rendered":"\n<h5><strong>Steun KZ Dana\u00efden en wordt lid van de Vrienden van KZ Dana\u00efden!<\/strong><\/h5>\n\n\n\n<p><strong>Waarom de Vrienden van KZ Dana\u00efden<\/strong><\/p>\n\n\n\n<p>KZ Dana\u00efden\nbestaat nu ruim tien jaar en in die tien jaar hebben we met elkaar een hoop\nbereikt. Het eerste team is in die tijd een stabiele tweedeklasser geworden met\nde ambitie om te promoveren. We waren al de grootste vereniging van Leiden,\nmaar aan het begin van dit jaar bereikten we ook het ons tot doel gestelde\naantal leden van 400. In het eerste jaar van KZ Dana\u00efden mochten we twee\nkunstgrasvelden in gebruik nemen en ook kwam er schot in de plannen voor\nnieuwbouw van kleedaccommodatie en clubgebouw. Inmiddels hebben we ook de\nnieuwe kleedaccommodatie en het nieuwe clubgebouw in gebruik kunnen nemen.<\/p>\n\n\n\n<p>Op alle terreinen\nwordt hard gewerkt om van KZ Dana\u00efden de grootste, de beste maar ook de leukste\nen gezelligste korfbalvereniging van Leiden te maken. Onze drie belangrijkste\nbronnen van inkomsten zijn de contributie, de kantine omzet en de sponsoring.\nDeze drie bronnen zorgen ervoor dat we de vereniging draaiende kunnen houden.\nDat gaat ons goed af en dat willen we ook zo houden. KZ Dana\u00efden is financieel\neen gezonde vereniging.<\/p>\n\n\n\n<p>Dat neemt niet\nweg dat we als vereniging nog de nodige wensen hebben die we niet direct uit\nonze begroting kunnen financieren. Met het oprichten van de Vrienden van KZ\nDana\u00efden, waarbij we de leden vragen jaarlijks \u20ac 50 (\u20ac 75 inclusief partners)\nte doneren, hopen we een aantal van die wensen de komende jaren in vervulling\nte kunnen laten gaan.<\/p>\n\n\n\n<p><strong>Wat zijn onze wensen<\/strong><\/p>\n\n\n\n<p>Op dit moment\nhebben de meeste van onze wensen te maken met de aankleding van ons clubgebouw.\nWe denken dan aan meubilair, zowel voor binnen als buiten op het terras, een\nchill hoek voor de jeugd, speelattributen\/zandbak voor de jongste jeugd etc.<\/p>\n\n\n\n<p><strong>Wie kan lid worden<\/strong><\/p>\n\n\n\n<p>Iedereen kan lid\nworden van de&nbsp;Vrienden van KZ Dana\u00efden. Leden, ereleden, ouders, familie,\nsupporters, sponsors, kortom een ieder die KZ Dana\u00efden een warm hart toedraagt.\nOok leeftijd maakt hierbij niets uit. Met een jaarlijkse bijdrage ben je lid\nvan de Vrienden van KZ Danaiden en zorg je voor dat extra steuntje in de rug van\nde vereniging.<\/p>\n\n\n\n<p><strong>Wie bepaalt hoe het geld jaarlijks wordt besteed?<\/strong><\/p>\n\n\n\n<p>Het bestuur zal jaarlijks een lijstje met wensen bekend maken, waarna de leden van de vrienden van de gelegenheid krijgen om via een stemming te bepalen waar het geld aan zal worden besteedt. Het bestuur zal het bedrag en de wens waar aan het zal worden besteed bekend maken in de vereniging via het clubblad en de website<\/p>\n\n\n\n<p><strong>Waar kun je terecht voor vragen?<\/strong><\/p>\n\n\n\n<p>Voor vragen kun\nje terecht bij Amy Heijman, Carla Akse, Ineke den Hertog, Ingrid van\nHaren&nbsp;of Jan Warmerdam.<\/p>\n\n\n\n<p><strong>Wat krijg je terug als dank voor je steun<\/strong><strong><\/strong><\/p>\n\n\n\n<p>De mogelijkheid\nom minimaal 3 x per jaar in te schrijven op een activiteit die specifiek of\ntegen reductie wordt georganiseerd\nvoor&nbsp;leden&nbsp;van&nbsp;de&nbsp;Vrienden&nbsp;van KZ Dana\u00efden<\/p>\n","protected":false},"excerpt":{"rendered":"<p>Steun KZ Dana\u00efden en wordt lid van de Vrienden van KZ Dana\u00efden! Waarom de Vrienden van KZ Dana\u00efden KZ Dana\u00efden bestaat nu ruim tien jaar en in die tien jaar hebben we met elkaar een hoop bereikt. Het eerste team is in die tijd een stabiele tweedeklasser geworden met de ambitie om te promoveren. We &hellip;<\/p>\n<p class=\"read-more\"> <a class=\"\" href=\"https:\/\/dev.kzdanaiden.nl\/blog\/vrienden-van-kz-danaiden\/\"> <span class=\"screen-reader-text\">Vrienden van KZ Dana\u00efden<\/span> Lees meer &raquo;<\/a><\/p>\n","protected":false},"author":1,"featured_media":0,"parent":0,"menu_order":0,"comment_status":"closed","ping_status":"closed","template":"","meta":{"site-sidebar-layout":"default","site-content-layout":"default","ast-site-content-layout":"","site-content-style":"default","site-sidebar-style":"default","ast-global-header-display":"","ast-banner-title-visibility":"","ast-main-header-display":"","ast-hfb-above-header-display":"","ast-hfb-below-header-display":"","ast-hfb-mobile-header-display":"","site-post-title":"","ast-breadcrumbs-content":"","ast-featured-img":"","footer-sml-layout":"","theme-transparent-header-meta":"default","adv-header-id-meta":"","stick-header-meta":"","header-above-stick-meta":"","header-main-stick-meta":"","header-below-stick-meta":"","astra-migrate-meta-layouts":""},"_links":{"self":[{"href":"https:\/\/dev.kzdanaiden.nl\/blog\/wp-json\/wp\/v2\/pages\/529"}],"collection":[{"href":"https:\/\/dev.kzdanaiden.nl\/blog\/wp-json\/wp\/v2\/pages"}],"about":[{"href":"https:\/\/dev.kzdanaiden.nl\/blog\/wp-json\/wp\/v2\/types\/page"}],"author":[{"embeddable":true,"href":"https:\/\/dev.kzdanaiden.nl\/blog\/wp-json\/wp\/v2\/users\/1"}],"replies":[{"embeddable":true,"href":"https:\/\/dev.kzdanaiden.nl\/blog\/wp-json\/wp\/v2\/comments?post=529"}],"version-history":[{"count":1,"href":"https:\/\/dev.kzdanaiden.nl\/blog\/wp-json\/wp\/v2\/pages\/529\/revisions"}],"predecessor-version":[{"id":530,"href":"https:\/\/dev.kzdanaiden.nl\/blog\/wp-json\/wp\/v2\/pages\/529\/revisions\/530"}],"wp:attachment":[{"href":"https:\/\/dev.kzdanaiden.nl\/blog\/wp-json\/wp\/v2\/media?parent=529"}],"curies":[{"name":"wp","href":"https:\/\/api.w.org\/{rel}","templated":true}]}}